{"id":3491,"date":"2022-02-02T12:04:50","date_gmt":"2022-02-02T10:04:50","guid":{"rendered":"https:\/\/utsjokihandicraft.fi\/tuote\/keppipupu\/"},"modified":"2024-05-29T21:38:56","modified_gmt":"2024-05-29T19:38:56","slug":"keppipupu","status":"publish","type":"product","link":"https:\/\/utsjokihandicraft.fi\/en\/tuote\/keppipupu\/","title":{"rendered":"Keppipupu"},"content":{"rendered":"<p>Kaunis pupu on p\u00e4\u00e4ssyt keppariksi. Keppipupu on vaneria ja se on k\u00e4sinmaalattu, jokainen pupu on yksil\u00f6llinen tuote. Pituus p\u00e4\u00e4st\u00e4 h\u00e4nn\u00e4np\u00e4\u00e4h\u00e4n on noin 70 cm, voit my\u00f6s toivoa haluamaasi pituutta.<\/p>\n","protected":false},"excerpt":{"rendered":"<p>Keppipupu laittaa lapset pomppimaan! Liikett\u00e4!<\/p>\n","protected":false},"featured_media":3323,"comment_status":"closed","ping_status":"closed","template":"","meta":[],"product_brand":[],"product_cat":[76,31],"product_tag":[],"class_list":{"0":"post-3491","1":"product","2":"type-product","3":"status-publish","4":"has-post-thumbnail","6":"product_cat-new-products-en","7":"product_cat-other-products","8":"product_shipping_class-postitusmaksulla","10":"first","11":"instock","12":"taxable","13":"shipping-taxable","14":"purchasable","15":"product-type-simple"},"_links":{"self":[{"href":"https:\/\/utsjokihandicraft.fi\/en\/wp-json\/wp\/v2\/product\/3491","targetHints":{"allow":["GET"]}}],"collection":[{"href":"https:\/\/utsjokihandicraft.fi\/en\/wp-json\/wp\/v2\/product"}],"about":[{"href":"https:\/\/utsjokihandicraft.fi\/en\/wp-json\/wp\/v2\/types\/product"}],"replies":[{"embeddable":true,"href":"https:\/\/utsjokihandicraft.fi\/en\/wp-json\/wp\/v2\/comments?post=3491"}],"version-history":[{"count":0,"href":"https:\/\/utsjokihandicraft.fi\/en\/wp-json\/wp\/v2\/product\/3491\/revisions"}],"wp:featuredmedia":[{"embeddable":true,"href":"https:\/\/utsjokihandicraft.fi\/en\/wp-json\/wp\/v2\/media\/3323"}],"wp:attachment":[{"href":"https:\/\/utsjokihandicraft.fi\/en\/wp-json\/wp\/v2\/media?parent=3491"}],"wp:term":[{"taxonomy":"product_brand","embeddable":true,"href":"https:\/\/utsjokihandicraft.fi\/en\/wp-json\/wp\/v2\/product_brand?post=3491"},{"taxonomy":"product_cat","embeddable":true,"href":"https:\/\/utsjokihandicraft.fi\/en\/wp-json\/wp\/v2\/product_cat?post=3491"},{"taxonomy":"product_tag","embeddable":true,"href":"https:\/\/utsjokihandicraft.fi\/en\/wp-json\/wp\/v2\/product_tag?post=3491"}],"curies":[{"name":"wp","href":"https:\/\/api.w.org\/{rel}","templated":true}]}}