{"id":3470,"date":"2022-08-01T15:57:33","date_gmt":"2022-08-01T14:01:55","guid":{"rendered":"https:\/\/utsjokihandicraft.fi\/?post_type=product&#038;p=3470"},"modified":"2024-05-29T21:37:44","modified_gmt":"2024-05-29T19:37:44","slug":"a-visitors-guide-to-utsjoki","status":"publish","type":"product","link":"https:\/\/utsjokihandicraft.fi\/en\/tuote\/a-visitors-guide-to-utsjoki\/","title":{"rendered":"A Visitor&#8217;s Guide to Utsjoki"},"content":{"rendered":"<p>The English translation to the book Matkailijan Utsjoki &#8211; ohutta yl\u00e4pilve\u00e4.<\/p>\n","protected":false},"excerpt":{"rendered":"<p>This travel guide covers the Utsjoki region of Finnish Lapland and also ventures out to the bordering Norway. In this guidebook you will find information on the region, on cultural-historic destinations, cycling routes and hiking trails, including maps. The book is aimed for independent travellers, and it introduces places of interest to visit in Utsjoki and Northern Norway.<\/p>\n<p>The book is written by P\u00e4ivi Aikasalo, translated from the Finnish Matkailijan Utsjoki &#8211; Ohutta yl\u00e4pilve\u00e4 by Piritta Lampinen, layout and cover design Maiju Kallio.<\/p>\n<p>182 pages.<\/p>\n<p>Size: 18 cm x 12 cm.<\/p>\n","protected":false},"featured_media":3454,"comment_status":"closed","ping_status":"closed","template":"","meta":[],"product_brand":[],"product_cat":[31],"product_tag":[],"class_list":{"0":"post-3470","1":"product","2":"type-product","3":"status-publish","4":"has-post-thumbnail","6":"product_cat-other-products","7":"product_shipping_class-postitusmaksulla","9":"first","10":"instock","11":"taxable","12":"shipping-taxable","13":"purchasable","14":"product-type-simple"},"_links":{"self":[{"href":"https:\/\/utsjokihandicraft.fi\/en\/wp-json\/wp\/v2\/product\/3470","targetHints":{"allow":["GET"]}}],"collection":[{"href":"https:\/\/utsjokihandicraft.fi\/en\/wp-json\/wp\/v2\/product"}],"about":[{"href":"https:\/\/utsjokihandicraft.fi\/en\/wp-json\/wp\/v2\/types\/product"}],"replies":[{"embeddable":true,"href":"https:\/\/utsjokihandicraft.fi\/en\/wp-json\/wp\/v2\/comments?post=3470"}],"version-history":[{"count":0,"href":"https:\/\/utsjokihandicraft.fi\/en\/wp-json\/wp\/v2\/product\/3470\/revisions"}],"wp:featuredmedia":[{"embeddable":true,"href":"https:\/\/utsjokihandicraft.fi\/en\/wp-json\/wp\/v2\/media\/3454"}],"wp:attachment":[{"href":"https:\/\/utsjokihandicraft.fi\/en\/wp-json\/wp\/v2\/media?parent=3470"}],"wp:term":[{"taxonomy":"product_brand","embeddable":true,"href":"https:\/\/utsjokihandicraft.fi\/en\/wp-json\/wp\/v2\/product_brand?post=3470"},{"taxonomy":"product_cat","embeddable":true,"href":"https:\/\/utsjokihandicraft.fi\/en\/wp-json\/wp\/v2\/product_cat?post=3470"},{"taxonomy":"product_tag","embeddable":true,"href":"https:\/\/utsjokihandicraft.fi\/en\/wp-json\/wp\/v2\/product_tag?post=3470"}],"curies":[{"name":"wp","href":"https:\/\/api.w.org\/{rel}","templated":true}]}}