{"id":3227,"date":"2021-07-07T11:38:58","date_gmt":"2021-07-07T09:45:57","guid":{"rendered":"https:\/\/utsjokihandicraft.fi\/?post_type=product&#038;p=3227"},"modified":"2022-12-20T09:55:34","modified_gmt":"2022-12-20T07:55:34","slug":"the-book-lights-and-shadows","status":"publish","type":"product","link":"https:\/\/utsjokihandicraft.fi\/en\/tuote\/the-book-lights-and-shadows\/","title":{"rendered":"The book: Lights and Shadows"},"content":{"rendered":"<p>Valot ja varjot; \u010cuovggat ja suoivvat; Lights and Shadows<\/p>\n","protected":false},"excerpt":{"rendered":"<p><span class=\"Y2IQFc\" lang=\"en\">In this book, the photos of Nature in Lapland are combined with the psalms in the Bible. Images begin in January and end in December. The size of the book is 25 cm x 17.5 cm. There are 174 pages, 104 pictures and 81 psalm fragments. The psalms are in Finnish, Northern S\u00e1mi and English. The Finnish Psalms are from the 1992 translation of the Bible, the Northern S\u00e1mi texts from the 2019 translation and the English texts from the New English Translation. The pictures and texts are by P\u00e4ivi Aikasalo and the layout is by Maiju Kallio. The book is published by Utsjoki Handicraft Oy.<\/span><\/p>\n<pre id=\"tw-target-text\" class=\"tw-data-text tw-text-large XcVN5d tw-ta\" dir=\"ltr\" data-placeholder=\"K\u00e4\u00e4nn\u00f6s\"><\/pre>\n","protected":false},"featured_media":3203,"comment_status":"closed","ping_status":"closed","template":"","meta":[],"product_brand":[],"product_cat":[76,31],"product_tag":[],"class_list":{"0":"post-3227","1":"product","2":"type-product","3":"status-publish","4":"has-post-thumbnail","6":"product_cat-new-products-en","7":"product_cat-other-products","9":"first","10":"instock","11":"taxable","12":"shipping-taxable","13":"purchasable","14":"product-type-simple"},"_links":{"self":[{"href":"https:\/\/utsjokihandicraft.fi\/en\/wp-json\/wp\/v2\/product\/3227","targetHints":{"allow":["GET"]}}],"collection":[{"href":"https:\/\/utsjokihandicraft.fi\/en\/wp-json\/wp\/v2\/product"}],"about":[{"href":"https:\/\/utsjokihandicraft.fi\/en\/wp-json\/wp\/v2\/types\/product"}],"replies":[{"embeddable":true,"href":"https:\/\/utsjokihandicraft.fi\/en\/wp-json\/wp\/v2\/comments?post=3227"}],"version-history":[{"count":0,"href":"https:\/\/utsjokihandicraft.fi\/en\/wp-json\/wp\/v2\/product\/3227\/revisions"}],"wp:featuredmedia":[{"embeddable":true,"href":"https:\/\/utsjokihandicraft.fi\/en\/wp-json\/wp\/v2\/media\/3203"}],"wp:attachment":[{"href":"https:\/\/utsjokihandicraft.fi\/en\/wp-json\/wp\/v2\/media?parent=3227"}],"wp:term":[{"taxonomy":"product_brand","embeddable":true,"href":"https:\/\/utsjokihandicraft.fi\/en\/wp-json\/wp\/v2\/product_brand?post=3227"},{"taxonomy":"product_cat","embeddable":true,"href":"https:\/\/utsjokihandicraft.fi\/en\/wp-json\/wp\/v2\/product_cat?post=3227"},{"taxonomy":"product_tag","embeddable":true,"href":"https:\/\/utsjokihandicraft.fi\/en\/wp-json\/wp\/v2\/product_tag?post=3227"}],"curies":[{"name":"wp","href":"https:\/\/api.w.org\/{rel}","templated":true}]}}